{"id":104,"date":"2013-06-04T00:04:35","date_gmt":"2013-06-04T04:04:35","guid":{"rendered":"http:\/\/www.acostanet.com\/wp\/?page_id=104"},"modified":"2025-07-21T20:15:06","modified_gmt":"2025-07-22T00:15:06","slug":"servicios","status":"publish","type":"page","link":"https:\/\/acostanet.com\/wp\/","title":{"rendered":"Servicios"},"content":{"rendered":"\n<h2 class=\"wp-block-heading\">Servicios Tecnol\u00f3gicos Personalizados y Efectivos<\/h2>\n\n\n\n<p>Nuestro objetivo es brindarles un servicio de calidad, personalizado, seguro y sobre todo a un costo razonable que vaya de acuerdo a estos tiempos dif\u00edciles en los que estamos viviendo.<span style=\"font-size: revert;\"><\/span><\/p>\n\n\n\n<div class=\"wp-block-columns are-vertically-aligned-top is-layout-flex wp-container-core-columns-is-layout-28f84493 wp-block-columns-is-layout-flex\">\n<div class=\"wp-block-column is-vertically-aligned-top is-layout-flow wp-block-column-is-layout-flow\" style=\"flex-basis:75%\">\n<ul class=\"wp-block-list\">\n<li>Diagn\u00f3stico y reparaci\u00f3n de computadoras y dispositivos m\u00f3viles<\/li>\n\n\n\n<li>Soporte t\u00e9cnico remoto y presencial<\/li>\n\n\n\n<li>Automatizaci\u00f3n del hogar y soluciones IoT<\/li>\n\n\n\n<li>Consultor\u00eda en tecnolog\u00eda para negocios localesCoordinador de proyectos tecnol\u00f3gicos con enfoque educativo y social.<\/li>\n\n\n\n<li>Apoyo t\u00e9cnico para sistemas escolares, individuos y comercios locales.<\/li>\n\n\n\n<li>Estamos certificados en redes, seguridad inform\u00e1tica y sistemas operativos:\n<ul class=\"wp-block-list\">\n<li>CompTIA ITF+ &gt; IT Support Specialist<\/li>\n\n\n\n<li>OSHA \u2013 Industria General<\/li>\n\n\n\n<li>IA para la productividad \u2013 UPRRUM<\/li>\n<\/ul>\n<\/li>\n<\/ul>\n<\/div>\n\n\n\n<div class=\"wp-block-column is-vertically-aligned-top is-layout-flow wp-block-column-is-layout-flow\">\n<div class=\"wp-block-group is-vertical is-layout-flex wp-container-core-group-is-layout-fe9cc265 wp-block-group-is-layout-flex\">\n<figure class=\"wp-block-image size-full is-resized\"><img data-recalc-dims=\"1\" loading=\"lazy\" decoding=\"async\" width=\"354\" height=\"142\" src=\"https:\/\/i0.wp.com\/acostanet.com\/wp\/wp-content\/uploads\/2013\/06\/keyboard-computer.jpeg?resize=354%2C142&#038;ssl=1\" alt=\"\" class=\"wp-image-59\" style=\"width:219px;height:auto\" srcset=\"https:\/\/i0.wp.com\/acostanet.com\/wp\/wp-content\/uploads\/2013\/06\/keyboard-computer.jpeg?w=354&amp;ssl=1 354w, https:\/\/i0.wp.com\/acostanet.com\/wp\/wp-content\/uploads\/2013\/06\/keyboard-computer.jpeg?resize=300%2C120&amp;ssl=1 300w\" sizes=\"auto, (max-width: 354px) 100vw, 354px\" \/><\/figure>\n\n\n\n<hr class=\"wp-block-separator has-alpha-channel-opacity\"\/>\n\n\n\n<figure class=\"wp-block-image size-full is-resized\"><img data-recalc-dims=\"1\" loading=\"lazy\" decoding=\"async\" width=\"240\" height=\"52\" src=\"https:\/\/i0.wp.com\/acostanet.com\/wp\/wp-content\/uploads\/2025\/07\/f3a9e09e3e2c11efaf66baf966a02641.webp?resize=240%2C52&#038;ssl=1\" alt=\"\" class=\"wp-image-4102\" style=\"width:226px;height:auto\" srcset=\"https:\/\/i0.wp.com\/acostanet.com\/wp\/wp-content\/uploads\/2025\/07\/f3a9e09e3e2c11efaf66baf966a02641.webp?w=240&amp;ssl=1 240w, https:\/\/i0.wp.com\/acostanet.com\/wp\/wp-content\/uploads\/2025\/07\/f3a9e09e3e2c11efaf66baf966a02641.webp?resize=200%2C43&amp;ssl=1 200w\" sizes=\"auto, (max-width: 240px) 100vw, 240px\" \/><\/figure>\n\n\n\n<hr class=\"wp-block-separator has-alpha-channel-opacity\"\/>\n\n\n\n<figure class=\"wp-block-image size-full is-resized\"><img data-recalc-dims=\"1\" loading=\"lazy\" decoding=\"async\" width=\"401\" height=\"75\" src=\"https:\/\/i0.wp.com\/acostanet.com\/wp\/wp-content\/uploads\/2025\/07\/Logo_OSHA.png?resize=401%2C75&#038;ssl=1\" alt=\"\" class=\"wp-image-4103\" style=\"width:220px;height:auto\" srcset=\"https:\/\/i0.wp.com\/acostanet.com\/wp\/wp-content\/uploads\/2025\/07\/Logo_OSHA.png?w=401&amp;ssl=1 401w, https:\/\/i0.wp.com\/acostanet.com\/wp\/wp-content\/uploads\/2025\/07\/Logo_OSHA.png?resize=200%2C37&amp;ssl=1 200w, https:\/\/i0.wp.com\/acostanet.com\/wp\/wp-content\/uploads\/2025\/07\/Logo_OSHA.png?resize=300%2C56&amp;ssl=1 300w\" sizes=\"auto, (max-width: 401px) 100vw, 401px\" \/><\/figure>\n\n\n\n<hr class=\"wp-block-separator has-alpha-channel-opacity\"\/>\n\n\n\n<figure class=\"wp-block-image size-full is-resized\"><img data-recalc-dims=\"1\" loading=\"lazy\" decoding=\"async\" width=\"788\" height=\"198\" src=\"https:\/\/i0.wp.com\/acostanet.com\/wp\/wp-content\/uploads\/2025\/07\/cread_logo.png?resize=788%2C198&#038;ssl=1\" alt=\"\" class=\"wp-image-4105\" style=\"width:228px;height:auto\" srcset=\"https:\/\/i0.wp.com\/acostanet.com\/wp\/wp-content\/uploads\/2025\/07\/cread_logo.png?w=788&amp;ssl=1 788w, https:\/\/i0.wp.com\/acostanet.com\/wp\/wp-content\/uploads\/2025\/07\/cread_logo.png?resize=200%2C50&amp;ssl=1 200w, https:\/\/i0.wp.com\/acostanet.com\/wp\/wp-content\/uploads\/2025\/07\/cread_logo.png?resize=400%2C101&amp;ssl=1 400w, https:\/\/i0.wp.com\/acostanet.com\/wp\/wp-content\/uploads\/2025\/07\/cread_logo.png?resize=300%2C75&amp;ssl=1 300w, https:\/\/i0.wp.com\/acostanet.com\/wp\/wp-content\/uploads\/2025\/07\/cread_logo.png?resize=768%2C193&amp;ssl=1 768w\" sizes=\"auto, (max-width: 788px) 100vw, 788px\" \/><\/figure>\n<\/div>\n<\/div>\n<\/div>\n\n\n\n<div class=\"wp-block-group is-content-justification-center is-nowrap is-layout-flex wp-container-core-group-is-layout-23441af8 wp-block-group-is-layout-flex\">\n<figure data-wp-context=\"{&quot;imageId&quot;:&quot;69d1378ec9e7c&quot;}\" data-wp-interactive=\"core\/image\" data-wp-key=\"69d1378ec9e7c\" class=\"wp-block-image size-full is-resized wp-lightbox-container\"><img data-recalc-dims=\"1\" loading=\"lazy\" decoding=\"async\" width=\"400\" height=\"400\" data-wp-class--hide=\"state.isContentHidden\" data-wp-class--show=\"state.isContentVisible\" data-wp-init=\"callbacks.setButtonStyles\" data-wp-on--click=\"actions.showLightbox\" data-wp-on--load=\"callbacks.setButtonStyles\" data-wp-on-window--resize=\"callbacks.setButtonStyles\" src=\"https:\/\/i0.wp.com\/acostanet.com\/wp\/wp-content\/uploads\/2025\/07\/354063696_641595658003343_2245236774574054862_n.jpg?resize=400%2C400&#038;ssl=1\" alt=\"\" class=\"wp-image-4134\" style=\"width:auto;height:100px\" srcset=\"https:\/\/i0.wp.com\/acostanet.com\/wp\/wp-content\/uploads\/2025\/07\/354063696_641595658003343_2245236774574054862_n.jpg?w=400&amp;ssl=1 400w, https:\/\/i0.wp.com\/acostanet.com\/wp\/wp-content\/uploads\/2025\/07\/354063696_641595658003343_2245236774574054862_n.jpg?resize=200%2C200&amp;ssl=1 200w, https:\/\/i0.wp.com\/acostanet.com\/wp\/wp-content\/uploads\/2025\/07\/354063696_641595658003343_2245236774574054862_n.jpg?resize=100%2C100&amp;ssl=1 100w, https:\/\/i0.wp.com\/acostanet.com\/wp\/wp-content\/uploads\/2025\/07\/354063696_641595658003343_2245236774574054862_n.jpg?resize=300%2C300&amp;ssl=1 300w, https:\/\/i0.wp.com\/acostanet.com\/wp\/wp-content\/uploads\/2025\/07\/354063696_641595658003343_2245236774574054862_n.jpg?resize=150%2C150&amp;ssl=1 150w\" sizes=\"auto, (max-width: 400px) 100vw, 400px\" \/><button\n\t\t\tclass=\"lightbox-trigger\"\n\t\t\ttype=\"button\"\n\t\t\taria-haspopup=\"dialog\"\n\t\t\taria-label=\"Agrandar\"\n\t\t\tdata-wp-init=\"callbacks.initTriggerButton\"\n\t\t\tdata-wp-on--click=\"actions.showLightbox\"\n\t\t\tdata-wp-style--right=\"state.imageButtonRight\"\n\t\t\tdata-wp-style--top=\"state.imageButtonTop\"\n\t\t>\n\t\t\t<svg xmlns=\"http:\/\/www.w3.org\/2000\/svg\" width=\"12\" height=\"12\" fill=\"none\" viewBox=\"0 0 12 12\">\n\t\t\t\t<path fill=\"#fff\" d=\"M2 0a2 2 0 0 0-2 2v2h1.5V2a.5.5 0 0 1 .5-.5h2V0H2Zm2 10.5H2a.5.5 0 0 1-.5-.5V8H0v2a2 2 0 0 0 2 2h2v-1.5ZM8 12v-1.5h2a.5.5 0 0 0 .5-.5V8H12v2a2 2 0 0 1-2 2H8Zm2-12a2 2 0 0 1 2 2v2h-1.5V2a.5.5 0 0 0-.5-.5H8V0h2Z\" \/>\n\t\t\t<\/svg>\n\t\t<\/button><\/figure>\n\n\n\n<div style=\"height:100px;width:40px\" aria-hidden=\"true\" class=\"wp-block-spacer wp-container-content-28f0cd9b\"><\/div>\n\n\n\n<figure data-wp-context=\"{&quot;imageId&quot;:&quot;69d1378eca550&quot;}\" data-wp-interactive=\"core\/image\" data-wp-key=\"69d1378eca550\" class=\"wp-block-image size-large is-resized wp-lightbox-container\"><img data-recalc-dims=\"1\" loading=\"lazy\" decoding=\"async\" width=\"858\" height=\"858\" data-wp-class--hide=\"state.isContentHidden\" data-wp-class--show=\"state.isContentVisible\" data-wp-init=\"callbacks.setButtonStyles\" data-wp-on--click=\"actions.showLightbox\" data-wp-on--load=\"callbacks.setButtonStyles\" data-wp-on-window--resize=\"callbacks.setButtonStyles\" src=\"https:\/\/i0.wp.com\/acostanet.com\/wp\/wp-content\/uploads\/2025\/07\/387094294_712381880925372_1615700802773976871_n-edited.png?resize=858%2C858&#038;ssl=1\" alt=\"\" class=\"wp-image-4133\" style=\"width:auto;height:100px\" srcset=\"https:\/\/i0.wp.com\/acostanet.com\/wp\/wp-content\/uploads\/2025\/07\/387094294_712381880925372_1615700802773976871_n-edited.png?w=858&amp;ssl=1 858w, https:\/\/i0.wp.com\/acostanet.com\/wp\/wp-content\/uploads\/2025\/07\/387094294_712381880925372_1615700802773976871_n-edited.png?resize=200%2C200&amp;ssl=1 200w, https:\/\/i0.wp.com\/acostanet.com\/wp\/wp-content\/uploads\/2025\/07\/387094294_712381880925372_1615700802773976871_n-edited.png?resize=100%2C100&amp;ssl=1 100w, https:\/\/i0.wp.com\/acostanet.com\/wp\/wp-content\/uploads\/2025\/07\/387094294_712381880925372_1615700802773976871_n-edited.png?resize=400%2C400&amp;ssl=1 400w, https:\/\/i0.wp.com\/acostanet.com\/wp\/wp-content\/uploads\/2025\/07\/387094294_712381880925372_1615700802773976871_n-edited.png?resize=300%2C300&amp;ssl=1 300w, https:\/\/i0.wp.com\/acostanet.com\/wp\/wp-content\/uploads\/2025\/07\/387094294_712381880925372_1615700802773976871_n-edited.png?resize=150%2C150&amp;ssl=1 150w, https:\/\/i0.wp.com\/acostanet.com\/wp\/wp-content\/uploads\/2025\/07\/387094294_712381880925372_1615700802773976871_n-edited.png?resize=768%2C768&amp;ssl=1 768w\" sizes=\"auto, (max-width: 858px) 100vw, 858px\" \/><button\n\t\t\tclass=\"lightbox-trigger\"\n\t\t\ttype=\"button\"\n\t\t\taria-haspopup=\"dialog\"\n\t\t\taria-label=\"Agrandar\"\n\t\t\tdata-wp-init=\"callbacks.initTriggerButton\"\n\t\t\tdata-wp-on--click=\"actions.showLightbox\"\n\t\t\tdata-wp-style--right=\"state.imageButtonRight\"\n\t\t\tdata-wp-style--top=\"state.imageButtonTop\"\n\t\t>\n\t\t\t<svg xmlns=\"http:\/\/www.w3.org\/2000\/svg\" width=\"12\" height=\"12\" fill=\"none\" viewBox=\"0 0 12 12\">\n\t\t\t\t<path fill=\"#fff\" d=\"M2 0a2 2 0 0 0-2 2v2h1.5V2a.5.5 0 0 1 .5-.5h2V0H2Zm2 10.5H2a.5.5 0 0 1-.5-.5V8H0v2a2 2 0 0 0 2 2h2v-1.5ZM8 12v-1.5h2a.5.5 0 0 0 .5-.5V8H12v2a2 2 0 0 1-2 2H8Zm2-12a2 2 0 0 1 2 2v2h-1.5V2a.5.5 0 0 0-.5-.5H8V0h2Z\" \/>\n\t\t\t<\/svg>\n\t\t<\/button><\/figure>\n\n\n\n<div style=\"height:100px;width:40px\" aria-hidden=\"true\" class=\"wp-block-spacer wp-container-content-28f0cd9b\"><\/div>\n\n\n\n<figure data-wp-context=\"{&quot;imageId&quot;:&quot;69d1378ecab9c&quot;}\" data-wp-interactive=\"core\/image\" data-wp-key=\"69d1378ecab9c\" class=\"wp-block-image size-full is-resized wp-lightbox-container\"><img data-recalc-dims=\"1\" loading=\"lazy\" decoding=\"async\" width=\"1600\" height=\"1600\" data-wp-class--hide=\"state.isContentHidden\" data-wp-class--show=\"state.isContentVisible\" data-wp-init=\"callbacks.setButtonStyles\" data-wp-on--click=\"actions.showLightbox\" data-wp-on--load=\"callbacks.setButtonStyles\" data-wp-on-window--resize=\"callbacks.setButtonStyles\" src=\"https:\/\/i0.wp.com\/acostanet.com\/wp\/wp-content\/uploads\/2013\/06\/Android-logo.png?resize=1600%2C1600&#038;ssl=1\" alt=\"Android logo\" class=\"wp-image-30\" style=\"width:auto;height:100px\" srcset=\"https:\/\/i0.wp.com\/acostanet.com\/wp\/wp-content\/uploads\/2013\/06\/Android-logo.png?w=1600&amp;ssl=1 1600w, https:\/\/i0.wp.com\/acostanet.com\/wp\/wp-content\/uploads\/2013\/06\/Android-logo.png?resize=100%2C100&amp;ssl=1 100w, https:\/\/i0.wp.com\/acostanet.com\/wp\/wp-content\/uploads\/2013\/06\/Android-logo.png?resize=400%2C400&amp;ssl=1 400w, https:\/\/i0.wp.com\/acostanet.com\/wp\/wp-content\/uploads\/2013\/06\/Android-logo.png?resize=150%2C150&amp;ssl=1 150w, https:\/\/i0.wp.com\/acostanet.com\/wp\/wp-content\/uploads\/2013\/06\/Android-logo.png?resize=300%2C300&amp;ssl=1 300w, https:\/\/i0.wp.com\/acostanet.com\/wp\/wp-content\/uploads\/2013\/06\/Android-logo.png?resize=1024%2C1024&amp;ssl=1 1024w\" sizes=\"auto, (max-width: 1000px) 100vw, 1000px\" \/><button\n\t\t\tclass=\"lightbox-trigger\"\n\t\t\ttype=\"button\"\n\t\t\taria-haspopup=\"dialog\"\n\t\t\taria-label=\"Agrandar\"\n\t\t\tdata-wp-init=\"callbacks.initTriggerButton\"\n\t\t\tdata-wp-on--click=\"actions.showLightbox\"\n\t\t\tdata-wp-style--right=\"state.imageButtonRight\"\n\t\t\tdata-wp-style--top=\"state.imageButtonTop\"\n\t\t>\n\t\t\t<svg xmlns=\"http:\/\/www.w3.org\/2000\/svg\" width=\"12\" height=\"12\" fill=\"none\" viewBox=\"0 0 12 12\">\n\t\t\t\t<path fill=\"#fff\" d=\"M2 0a2 2 0 0 0-2 2v2h1.5V2a.5.5 0 0 1 .5-.5h2V0H2Zm2 10.5H2a.5.5 0 0 1-.5-.5V8H0v2a2 2 0 0 0 2 2h2v-1.5ZM8 12v-1.5h2a.5.5 0 0 0 .5-.5V8H12v2a2 2 0 0 1-2 2H8Zm2-12a2 2 0 0 1 2 2v2h-1.5V2a.5.5 0 0 0-.5-.5H8V0h2Z\" \/>\n\t\t\t<\/svg>\n\t\t<\/button><\/figure>\n\n\n\n<div style=\"height:100px;width:40px\" aria-hidden=\"true\" class=\"wp-block-spacer wp-container-content-28f0cd9b\"><\/div>\n\n\n\n<figure data-wp-context=\"{&quot;imageId&quot;:&quot;69d1378ecb1b1&quot;}\" data-wp-interactive=\"core\/image\" data-wp-key=\"69d1378ecb1b1\" class=\"wp-block-image is-resized wp-lightbox-container\"><img data-recalc-dims=\"1\" decoding=\"async\" data-wp-class--hide=\"state.isContentHidden\" data-wp-class--show=\"state.isContentVisible\" data-wp-init=\"callbacks.setButtonStyles\" data-wp-on--click=\"actions.showLightbox\" data-wp-on--load=\"callbacks.setButtonStyles\" data-wp-on-window--resize=\"callbacks.setButtonStyles\" src=\"https:\/\/i0.wp.com\/www.acostanet.com\/wp\/wp-content\/uploads\/2013\/05\/ubuntu-logo.jpeg\" alt=\"ubuntu logo\" class=\"wp-image-34\" style=\"width:auto;height:100px\"\/><button\n\t\t\tclass=\"lightbox-trigger\"\n\t\t\ttype=\"button\"\n\t\t\taria-haspopup=\"dialog\"\n\t\t\taria-label=\"Agrandar\"\n\t\t\tdata-wp-init=\"callbacks.initTriggerButton\"\n\t\t\tdata-wp-on--click=\"actions.showLightbox\"\n\t\t\tdata-wp-style--right=\"state.imageButtonRight\"\n\t\t\tdata-wp-style--top=\"state.imageButtonTop\"\n\t\t>\n\t\t\t<svg xmlns=\"http:\/\/www.w3.org\/2000\/svg\" width=\"12\" height=\"12\" fill=\"none\" viewBox=\"0 0 12 12\">\n\t\t\t\t<path fill=\"#fff\" d=\"M2 0a2 2 0 0 0-2 2v2h1.5V2a.5.5 0 0 1 .5-.5h2V0H2Zm2 10.5H2a.5.5 0 0 1-.5-.5V8H0v2a2 2 0 0 0 2 2h2v-1.5ZM8 12v-1.5h2a.5.5 0 0 0 .5-.5V8H12v2a2 2 0 0 1-2 2H8Zm2-12a2 2 0 0 1 2 2v2h-1.5V2a.5.5 0 0 0-.5-.5H8V0h2Z\" \/>\n\t\t\t<\/svg>\n\t\t<\/button><\/figure>\n\n\n\n<div style=\"height:100px;width:40px\" aria-hidden=\"true\" class=\"wp-block-spacer wp-container-content-28f0cd9b\"><\/div>\n\n\n\n<figure data-wp-context=\"{&quot;imageId&quot;:&quot;69d1378ecb7a4&quot;}\" data-wp-interactive=\"core\/image\" data-wp-key=\"69d1378ecb7a4\" class=\"wp-block-image is-resized wp-lightbox-container\"><img data-recalc-dims=\"1\" decoding=\"async\" data-wp-class--hide=\"state.isContentHidden\" data-wp-class--show=\"state.isContentVisible\" data-wp-init=\"callbacks.setButtonStyles\" data-wp-on--click=\"actions.showLightbox\" data-wp-on--load=\"callbacks.setButtonStyles\" data-wp-on-window--resize=\"callbacks.setButtonStyles\" src=\"https:\/\/i0.wp.com\/www.acostanet.com\/wp\/wp-content\/uploads\/2013\/05\/linux.jpeg\" alt=\"linux\" class=\"wp-image-33\" style=\"width:auto;height:100px\"\/><button\n\t\t\tclass=\"lightbox-trigger\"\n\t\t\ttype=\"button\"\n\t\t\taria-haspopup=\"dialog\"\n\t\t\taria-label=\"Agrandar\"\n\t\t\tdata-wp-init=\"callbacks.initTriggerButton\"\n\t\t\tdata-wp-on--click=\"actions.showLightbox\"\n\t\t\tdata-wp-style--right=\"state.imageButtonRight\"\n\t\t\tdata-wp-style--top=\"state.imageButtonTop\"\n\t\t>\n\t\t\t<svg xmlns=\"http:\/\/www.w3.org\/2000\/svg\" width=\"12\" height=\"12\" fill=\"none\" viewBox=\"0 0 12 12\">\n\t\t\t\t<path fill=\"#fff\" d=\"M2 0a2 2 0 0 0-2 2v2h1.5V2a.5.5 0 0 1 .5-.5h2V0H2Zm2 10.5H2a.5.5 0 0 1-.5-.5V8H0v2a2 2 0 0 0 2 2h2v-1.5ZM8 12v-1.5h2a.5.5 0 0 0 .5-.5V8H12v2a2 2 0 0 1-2 2H8Zm2-12a2 2 0 0 1 2 2v2h-1.5V2a.5.5 0 0 0-.5-.5H8V0h2Z\" \/>\n\t\t\t<\/svg>\n\t\t<\/button><\/figure>\n<\/div>\n\n\n\n<p>No dejes que simplemente reparen tu equipo y te dejen sin saber qu\u00e9 pas\u00f3. Nosotros nos esforzamos para que puedas entender qu\u00e9 sucedi\u00f3 con tu equipo y te orientamos para que no tengas que volver a sufrir el mismo problema.<\/p>\n\n\n\n<hr class=\"wp-block-separator has-alpha-channel-opacity\"\/>\n\n\n\n<p><\/p>\n","protected":false},"excerpt":{"rendered":"<p>Servicios Tecnol\u00f3gicos Personalizados y Efectivos Nuestro objetivo es brindarles un servicio de calidad, personalizado, seguro y sobre todo a un costo razonable que vaya de acuerdo a estos tiempos dif\u00edciles en los que estamos viviendo. No dejes que simplemente reparen tu equipo y te dejen sin saber qu\u00e9 pas\u00f3. Nosotros nos esforzamos para que puedas [&hellip;]<\/p>\n","protected":false},"author":1,"featured_media":0,"parent":0,"menu_order":0,"comment_status":"open","ping_status":"open","template":"","meta":{"footnotes":""},"class_list":["post-104","page","type-page","status-publish","hentry"],"jetpack_sharing_enabled":true,"jetpack_likes_enabled":true,"_links":{"self":[{"href":"https:\/\/acostanet.com\/wp\/wp-json\/wp\/v2\/pages\/104","targetHints":{"allow":["GET"]}}],"collection":[{"href":"https:\/\/acostanet.com\/wp\/wp-json\/wp\/v2\/pages"}],"about":[{"href":"https:\/\/acostanet.com\/wp\/wp-json\/wp\/v2\/types\/page"}],"author":[{"embeddable":true,"href":"https:\/\/acostanet.com\/wp\/wp-json\/wp\/v2\/users\/1"}],"replies":[{"embeddable":true,"href":"https:\/\/acostanet.com\/wp\/wp-json\/wp\/v2\/comments?post=104"}],"version-history":[{"count":11,"href":"https:\/\/acostanet.com\/wp\/wp-json\/wp\/v2\/pages\/104\/revisions"}],"predecessor-version":[{"id":4150,"href":"https:\/\/acostanet.com\/wp\/wp-json\/wp\/v2\/pages\/104\/revisions\/4150"}],"wp:attachment":[{"href":"https:\/\/acostanet.com\/wp\/wp-json\/wp\/v2\/media?parent=104"}],"curies":[{"name":"wp","href":"https:\/\/api.w.org\/{rel}","templated":true}]}}